{"id":9078,"date":"2024-04-28T08:05:34","date_gmt":"2024-04-28T08:05:34","guid":{"rendered":"https:\/\/24racesupport.eu\/product\/zwischenwellenrohling-1-8-2-0-ea827\/"},"modified":"2024-06-10T10:43:46","modified_gmt":"2024-06-10T10:43:46","slug":"zwischenwellenrohling-1-8-2-0-ea827","status":"publish","type":"product","link":"https:\/\/24racesupport.eu\/de\/produkt\/zwischenwellenrohling-1-8-2-0-ea827\/","title":{"rendered":"Zwischenwellenrohling 1.8\/2.0 EA827"},"content":{"rendered":"<p data-sourcepos=\"1:1-1:220\">Wenn es auf maximale Leistung ankommt, brauchen Sie kompromisslose L\u00f6sungen. Dies gilt auch f\u00fcr das Schmiersystem. Irgendwann in Ihrer Rennkarriere werden Sie ein zuverl\u00e4ssiges \u00d6lsystem ben\u00f6tigen, das auf einem Trockensumpfsystem basiert.<\/p>\n<p data-sourcepos=\"3:1-3:851\">Diese L\u00f6sungen sorgen f\u00fcr einen ausgezeichneten \u00d6ldruck unabh\u00e4ngig von der Motorlast w\u00e4hrend der Kurvenfahrt. Noch wichtiger ist, dass jeder Motor an dieses System angepasst werden kann, einschlie\u00dflich der beliebten 1.8 und 2.0 Motoren der EA827 Generation. Bei diesen Motoren wird die werksseitige \u00d6lpumpe von einer im Motorblock montierten Zwischenwelle angetrieben. Bei Trockensumpfsystemen ist dies nicht notwendig und der Antrieb erzeugt Leistungsverluste. Es lohnt sich daher, ihn zu demontieren und den werkseitigen Wellenf\u00fchrungsring durch eine Dichtung mit Stopfen zu ersetzen. Der 24rs Intermediate Shaft Blank ist perfekt f\u00fcr diese Aufgabe geeignet. Dank des Einsatzes von CNC-Maschinen, die ein H\u00f6chstma\u00df an Pr\u00e4zision in der Verarbeitung garantieren, erf\u00fcllt der Stopfen seine Aufgabe bei minimalem Gewicht des Teils perfekt. Der Stecker verwendet einen werksseitigen O-Ring, der auf dem Ersatzteilmarkt erh\u00e4ltlich ist, so dass Sie sich keine Sorgen um die zuk\u00fcnftige Wartung Ihres Motors machen m\u00fcssen.<\/p>\n<p>Der Zwischenwellenrohling wird anstelle der folgenden Teile montiert:<\/p>\n<ul>\n<li data-sourcepos=\"3:1-3:851\">028115017E, 049115017B, 053115017, 053115017C, 027115017 Sch\u00e4chte<\/li>\n<li data-sourcepos=\"3:1-3:851\">027115033 F\u00fchrungsring<\/li>\n<li data-sourcepos=\"3:1-3:851\">068103085E Wellendichtring<\/li>\n<li data-sourcepos=\"3:1-3:851\">049109111C, 027109111G, 028115021B Zahnriemenscheiben<\/li>\n<\/ul>\n","protected":false},"excerpt":{"rendered":"<p>Volkswagen 1.8, 2.0l Zwischenwellenrohling.<\/p>\n<p>Die Blindplatte funktioniert perfekt anstelle der \u00fcberfl\u00fcssigen Zwischenwelle in Trockensumpfsystemen.<\/p>\n<p>Der Satz enth\u00e4lt eine Blindplatte, eine O-Ring-Dichtung und Schrauben.<\/p>\n<p>Passend f\u00fcr VW 1.8 2.0l EA827 Motoren:<br \/>\nDX, 2H, KR, PL, 9A, ABF<\/p>\n<p>In verschiedenen Varianten erh\u00e4ltlich:<\/p>\n<ul>\n<li>schwarz eloxiert<\/li>\n<li>Silber eloxiert<\/li>\n<\/ul>\n","protected":false},"featured_media":9475,"comment_status":"open","ping_status":"closed","template":"","meta":{"inline_featured_image":false},"product_cat":[164,165,167],"product_tag":[173,169,171,175,168,170],"class_list":{"0":"post-9078","1":"product","2":"type-product","3":"status-publish","4":"has-post-thumbnail","6":"product_brand-24rs","7":"product_cat-2-0-ea827","8":"product_cat-motor","9":"product_cat-trockensumpf","10":"product_tag-ea827-de","11":"product_tag-golf-de","12":"product_tag-golf-mk1-de","13":"product_tag-motor","14":"product_tag-vw-de","15":"product_tag-vw-golf-mk1-de","17":"first","18":"instock","19":"shipping-taxable","20":"purchasable","21":"product-type-variable"},"jetpack_sharing_enabled":true,"_links":{"self":[{"href":"https:\/\/24racesupport.eu\/de\/wp-json\/wp\/v2\/product\/9078","targetHints":{"allow":["GET"]}}],"collection":[{"href":"https:\/\/24racesupport.eu\/de\/wp-json\/wp\/v2\/product"}],"about":[{"href":"https:\/\/24racesupport.eu\/de\/wp-json\/wp\/v2\/types\/product"}],"replies":[{"embeddable":true,"href":"https:\/\/24racesupport.eu\/de\/wp-json\/wp\/v2\/comments?post=9078"}],"version-history":[{"count":1,"href":"https:\/\/24racesupport.eu\/de\/wp-json\/wp\/v2\/product\/9078\/revisions"}],"predecessor-version":[{"id":9083,"href":"https:\/\/24racesupport.eu\/de\/wp-json\/wp\/v2\/product\/9078\/revisions\/9083"}],"wp:featuredmedia":[{"embeddable":true,"href":"https:\/\/24racesupport.eu\/de\/wp-json\/wp\/v2\/media\/9475"}],"wp:attachment":[{"href":"https:\/\/24racesupport.eu\/de\/wp-json\/wp\/v2\/media?parent=9078"}],"wp:term":[{"taxonomy":"product_cat","embeddable":true,"href":"https:\/\/24racesupport.eu\/de\/wp-json\/wp\/v2\/product_cat?post=9078"},{"taxonomy":"product_tag","embeddable":true,"href":"https:\/\/24racesupport.eu\/de\/wp-json\/wp\/v2\/product_tag?post=9078"}],"curies":[{"name":"wp","href":"https:\/\/api.w.org\/{rel}","templated":true}]}}